{"id":69,"date":"2018-06-19T10:35:21","date_gmt":"2018-06-19T10:35:21","guid":{"rendered":"http:\/\/copenhagenagreement.org\/?page_id=69"},"modified":"2026-02-23T17:03:16","modified_gmt":"2026-02-23T17:03:16","slug":"etc","status":"publish","type":"page","link":"https:\/\/copenhagenagreement.org\/?page_id=69","title":{"rendered":"Manualen"},"content":{"rendered":"\n<h2 class=\"wp-block-heading\">Plan f\u00f6r Samarbete<\/h2>\n\n\n\n<p>Manualen moderniserades och dess fyra delar f\u00f6renades under 2014.<br>Sekreteraren reviderar manualen kontinuerligt enligt l\u00e4ndernas f\u00f6rslag och Plenums beslut.<u><\/u><\/p>\n\n\n\n<p><\/p>\n\n\n\n<ul class=\"wp-block-list\">\n<li><a href=\"https:\/\/copenhagenagreement.org\/wp-content\/uploads\/2020\/04\/Vedlegg_maj_2019.pdf\">Vedl\u00e6g &#8211; 29.04-2019<\/a><\/li>\n\n\n\n<li><a href=\"https:\/\/copenhagenagreement.org\/wp-content\/uploads\/2026\/02\/PLAN-for-SAMARBETE_23_februar_2026.pdf\" data-type=\"attachment\" data-id=\"2303\">Manualen &#8211; 23.2.2026<\/a><\/li>\n<\/ul>\n\n\n\n<h2 class=\"wp-block-heading\">&nbsp;<\/h2>\n\n\n\n<h1 class=\"wp-block-heading\">&nbsp;<\/h1>\n\n\n\n<p><\/p>\n","protected":false},"excerpt":{"rendered":"<p>Plan f\u00f6r Samarbete Manualen moderniserades och dess fyra delar f\u00f6renades under 2014.Sekreteraren reviderar manualen kontinuerligt enligt l\u00e4ndernas f\u00f6rslag och Plenums beslut. &nbsp; &nbsp;<\/p>\n","protected":false},"author":1,"featured_media":0,"parent":0,"menu_order":0,"comment_status":"closed","ping_status":"closed","template":"","meta":{"footnotes":""},"class_list":["post-69","page","type-page","status-publish","hentry"],"_links":{"self":[{"href":"https:\/\/copenhagenagreement.org\/index.php?rest_route=\/wp\/v2\/pages\/69","targetHints":{"allow":["GET"]}}],"collection":[{"href":"https:\/\/copenhagenagreement.org\/index.php?rest_route=\/wp\/v2\/pages"}],"about":[{"href":"https:\/\/copenhagenagreement.org\/index.php?rest_route=\/wp\/v2\/types\/page"}],"author":[{"embeddable":true,"href":"https:\/\/copenhagenagreement.org\/index.php?rest_route=\/wp\/v2\/users\/1"}],"replies":[{"embeddable":true,"href":"https:\/\/copenhagenagreement.org\/index.php?rest_route=%2Fwp%2Fv2%2Fcomments&post=69"}],"version-history":[{"count":36,"href":"https:\/\/copenhagenagreement.org\/index.php?rest_route=\/wp\/v2\/pages\/69\/revisions"}],"predecessor-version":[{"id":442,"href":"https:\/\/copenhagenagreement.org\/index.php?rest_route=\/wp\/v2\/pages\/69\/revisions\/442"}],"wp:attachment":[{"href":"https:\/\/copenhagenagreement.org\/index.php?rest_route=%2Fwp%2Fv2%2Fmedia&parent=69"}],"curies":[{"name":"wp","href":"https:\/\/api.w.org\/{rel}","templated":true}]}}