{"id":36,"date":"2018-06-18T13:49:27","date_gmt":"2018-06-18T13:49:27","guid":{"rendered":"http:\/\/copenhagenagreement.org\/?page_id=36"},"modified":"2025-11-18T13:06:05","modified_gmt":"2025-11-18T13:06:05","slug":"avtalstexter","status":"publish","type":"page","link":"https:\/\/copenhagenagreement.org\/?page_id=36","title":{"rendered":"Avtalstexter"},"content":{"rendered":"<h2>OPERATIV PLAN FOR SAMARBEJDE INDENFOR K\u00d8BENHAVNS-AFTALEN (DK)<\/h2>\n<h3>Indledning<\/h3>\n<p>Det nordiske samarbejde i bek\u00e6mpelse af forurening af havet hviler p\u00e5 K\u00f8benhavns-aftalen af 1971, revideret i 1993. Aftalens officielle navn er, Nordisk aftale om samarbejde vedr\u00f8rende bek\u00e6mpelse af forurening af havet med olie og andre skadelige stoffer.Aftalen er underskrevet den 29. marts 1993, men er endnu ikke blevet godkendt af samtlige parter.N\u00e6rv\u00e6rende PLAN FOR SAMARBEJDE mellem de nordiske lande, omfatter retningslinier for samarbejde, n\u00e5r 2 eller flere nordiske lande indg\u00e5r i en f\u00e6lles aktion til bek\u00e6mpelse af forureningaf havet.<\/p>\n<p>&nbsp;<\/p>\n<p>Planen er blevet udarbejdet indenfor rammerne af K\u00f8benhavns-aftalen, og skal tjene som vejledning for de myndigheder og indsatsenheder, der skal forest\u00e5\/indg\u00e5 i en bek\u00e6mpelsesaktion.De i planen optagne retningslinier m.v. vil v\u00e6re udf\u00e6rdiget p\u00e5 norsk, svensk eller dansk og i s\u00e6rlige tilf\u00e6lde engelsk, og overs\u00e6ttelse i forn\u00f8dent omfang p\u00e5hviler det enkelte land. De retningslinier, der har kr\u00e6vet f\u00e6lles nordisk godkendelse, er p\u00e5f\u00f8rt tidspunkt og sted for denne godkendelse. Rettelser til planen koordineres af sekret\u00e6ren i K\u00f8benhavns-aftalen, s\u00e5ledes at \u00f8nsker fra de \u00f8vrige nordiske lande om rettelser eller tilf\u00f8jelser tilsendes denne etter behov, som herefter vil udsende rettelserne\/tilf\u00f8jelserne til samtlige nordiske lande &#8211; med en nummereret rettelsesskrivelse.<\/p>\n<h2>Avtalstexter<\/h2>\n<ul>\n<li><a href=\"https:\/\/ust.is\/lisalib\/getfile.aspx?itemid=e5ea9c9d-d9c6-43fa-aad8-aba142ff28e5\" target=\"_blank\" rel=\"noopener\">Dansk<\/a><\/li>\n<li><a href=\"https:\/\/ust.is\/lisalib\/getfile.aspx?itemid=b7fcddcf-a637-4842-b8c7-f519c71fe0a4\" target=\"_blank\" rel=\"noopener\">English<\/a><\/li>\n<li><a href=\"https:\/\/ust.is\/lisalib\/getfile.aspx?itemid=d75995fb-2446-48d3-ad58-0c0ff34f0f2c\" target=\"_blank\" rel=\"noopener\">\u00cdslenska<\/a><\/li>\n<li><a href=\"https:\/\/ust.is\/lisalib\/getfile.aspx?itemid=d0402a33-379c-44f1-a02b-6ac5eadf141c\" target=\"_blank\" rel=\"noopener\">Norsk<\/a><\/li>\n<li><a href=\"https:\/\/ust.is\/lisalib\/getfile.aspx?itemid=4bd894da-1f98-4045-b507-10e1f3bfb0e1\" target=\"_blank\" rel=\"noopener\">Suomeksi<\/a><\/li>\n<li><a href=\"https:\/\/ust.is\/lisalib\/getfile.aspx?itemid=8d00a812-3c80-42db-b858-c769a732814f\" target=\"_blank\" rel=\"noopener\">Svenska<\/a><\/li>\n<\/ul>\n","protected":false},"excerpt":{"rendered":"<p>OPERATIV PLAN FOR SAMARBEJDE INDENFOR K\u00d8BENHAVNS-AFTALEN (DK) Indledning Det nordiske samarbejde i bek\u00e6mpelse af forurening af havet hviler p\u00e5 K\u00f8benhavns-aftalen af 1971, revideret i 1993. Aftalens officielle navn er, Nordisk aftale om samarbejde vedr\u00f8rende bek\u00e6mpelse af forurening af havet med olie og andre skadelige stoffer.Aftalen er underskrevet den 29. marts 1993, men er endnu ikke &#8230; <a href=\"https:\/\/copenhagenagreement.org\/?page_id=36\" class=\"more-link text-uppercase small\"><strong>Continue Reading<\/strong> <i class=\"fa fa-angle-double-right\" aria-hidden=\"true\"><\/i><\/a><\/p>\n","protected":false},"author":1,"featured_media":0,"parent":0,"menu_order":0,"comment_status":"closed","ping_status":"closed","template":"","meta":{"footnotes":""},"class_list":["post-36","page","type-page","status-publish","hentry"],"_links":{"self":[{"href":"https:\/\/copenhagenagreement.org\/index.php?rest_route=\/wp\/v2\/pages\/36","targetHints":{"allow":["GET"]}}],"collection":[{"href":"https:\/\/copenhagenagreement.org\/index.php?rest_route=\/wp\/v2\/pages"}],"about":[{"href":"https:\/\/copenhagenagreement.org\/index.php?rest_route=\/wp\/v2\/types\/page"}],"author":[{"embeddable":true,"href":"https:\/\/copenhagenagreement.org\/index.php?rest_route=\/wp\/v2\/users\/1"}],"replies":[{"embeddable":true,"href":"https:\/\/copenhagenagreement.org\/index.php?rest_route=%2Fwp%2Fv2%2Fcomments&post=36"}],"version-history":[{"count":5,"href":"https:\/\/copenhagenagreement.org\/index.php?rest_route=\/wp\/v2\/pages\/36\/revisions"}],"predecessor-version":[{"id":2544,"href":"https:\/\/copenhagenagreement.org\/index.php?rest_route=\/wp\/v2\/pages\/36\/revisions\/2544"}],"wp:attachment":[{"href":"https:\/\/copenhagenagreement.org\/index.php?rest_route=%2Fwp%2Fv2%2Fmedia&parent=36"}],"curies":[{"name":"wp","href":"https:\/\/api.w.org\/{rel}","templated":true}]}}